{"id":669,"date":"2025-07-17T21:32:36","date_gmt":"2025-07-17T21:32:36","guid":{"rendered":"https:\/\/zagreb-inzenjering.hr\/?page_id=669"},"modified":"2025-07-21T14:21:30","modified_gmt":"2025-07-21T14:21:30","slug":"politika-privatnosti","status":"publish","type":"page","link":"https:\/\/zagreb-inzenjering.hr\/index.php\/politika-privatnosti\/","title":{"rendered":"Politika privatnosti"},"content":{"rendered":"\t\t<div data-elementor-type=\"wp-page\" data-elementor-id=\"669\" class=\"elementor elementor-669\" data-elementor-post-type=\"page\">\n\t\t\t\t<div class=\"elementor-element elementor-element-19e00c7 e-flex e-con-boxed e-con e-parent\" data-id=\"19e00c7\" data-element_type=\"container\" data-settings=\"{&quot;background_background&quot;:&quot;classic&quot;}\">\n\t\t\t\t\t<div class=\"e-con-inner\">\n\t\t<div class=\"elementor-element elementor-element-9284b35 e-con-full e-flex e-con e-child\" data-id=\"9284b35\" data-element_type=\"container\">\n\t\t\t\t<div class=\"elementor-element elementor-element-a3812e7 elementor-widget elementor-widget-heading\" data-id=\"a3812e7\" data-element_type=\"widget\" data-widget_type=\"heading.default\">\n\t\t\t\t\t<h1 class=\"elementor-heading-title elementor-size-default\">Politika privatnosti<\/h1>\t\t\t\t<\/div>\n\t\t\t\t<div class=\"elementor-element elementor-element-9ec6f72 elementor-align-left elementor-tablet-align-center elementor-widget elementor-widget-button\" data-id=\"9ec6f72\" data-element_type=\"widget\" data-widget_type=\"button.default\">\n\t\t\t\t\t\t\t\t\t\t<a class=\"elementor-button elementor-button-link elementor-size-sm\" href=\"https:\/\/zagreb-inzenjering.hr\/index.php\/privacy-policy\/\">\n\t\t\t\t\t\t<span class=\"elementor-button-content-wrapper\">\n\t\t\t\t\t\t\t\t\t<span class=\"elementor-button-text\">Privacy policy (eng)<\/span>\n\t\t\t\t\t<\/span>\n\t\t\t\t\t<\/a>\n\t\t\t\t\t\t\t\t<\/div>\n\t\t\t\t<div class=\"elementor-element elementor-element-1d7a54a elementor-widget__width-initial elementor-widget elementor-widget-text-editor\" data-id=\"1d7a54a\" data-element_type=\"widget\" data-widget_type=\"text-editor.default\">\n\t\t\t\t\t\t\t\t\t<p>Zagreb-In\u017eenjering d.o.o. po\u0161tuje va\u0161u privatnost i brine o za\u0161titi osobnih podataka koje nam dostavljate putem ove web stranice.<\/p><h2><strong>1. Vrsta podataka koje prikupljamo<\/strong><\/h2><p>Prikupljamo samo one osobne podatke koje dobrovoljno dostavite putem kontakt obrasca, kao \u0161to su:<\/p><ul><li>Ime i prezime<\/li><li>E-mail adresa<\/li><li>Telefonski broj<\/li><li>Sadr\u017eaj poruke<\/li><\/ul><h2><strong>2. Svrha obrade<\/strong><\/h2><p>Podaci se koriste isklju\u010divo radi:<\/p><ul><li>odgovora na va\u0161 upit<\/li><li>pru\u017eanja tra\u017eenih informacija<\/li><li>uspostavljanja poslovnog kontakta<\/li><\/ul><h2>3. Kola\u010di\u0107i (Cookies)<\/h2><p>Ova stranica koristi isklju\u010divo tehni\u010dki nu\u017ene kola\u010di\u0107e koji su potrebni za osnovno funkcioniranje stranice.<br \/>Ne koristimo kola\u010di\u0107e tre\u0107ih strana (npr. Google Analytics, remarketing ili pra\u0107enje pona\u0161anja korisnika).<\/p><h2>4. Dijeljenje podataka<\/h2><p>Va\u0161i podaci ne\u0107e biti proslje\u0111ivani tre\u0107im stranama, osim ako to zakon nala\u017ee ili je potrebno radi izvr\u0161enja va\u0161e narud\u017ebe \/ zahtjeva.<\/p><h2>5. Prava korisnika<\/h2><p>U skladu s Op\u0107om uredbom o za\u0161titi podataka (GDPR), imate pravo na:<\/p><ul><li>pristup svojim podacima<\/li><li>ispravak neto\u010dnih podataka<\/li><li>brisanje podataka (&#8220;pravo na zaborav&#8221;)<\/li><li>prigovor na obradu<\/li><\/ul><p>Za ostvarivanje svojih prava mo\u017eete nas kontaktirati na <a href=\"mailto:zagreb.inzenjering@zg.t-com.hr\">zagreb.inzenjering@zg.t-com.hr<\/a>.<\/p><h2>6. Kontakt za za\u0161titu podataka<\/h2><p>ZAGREB-IN\u017dENJERING d.o.o.<br \/>Krapanjska 12, 10000 Zagreb<br \/>E-mail: <a href=\"mailto:zagreb.inzenjering@zg.t-com.hr\">zagreb.inzenjering@zg.t-com.hr<\/a><br \/>Tel: +385 1 3692 069<\/p>\t\t\t\t\t\t\t\t<\/div>\n\t\t\t\t<\/div>\n\t\t\t\t\t<\/div>\n\t\t\t\t<\/div>\n\t\t\t\t<\/div>\n\t\t","protected":false},"excerpt":{"rendered":"<p>Politika privatnosti Privacy policy (eng) Zagreb-In\u017eenjering d.o.o. po\u0161tuje va\u0161u privatnost i brine o za\u0161titi osobnih podataka koje nam dostavljate putem ove web stranice. 1. Vrsta podataka koje prikupljamo Prikupljamo samo one osobne podatke koje dobrovoljno dostavite putem kontakt obrasca, kao \u0161to su: Ime i prezime E-mail adresa Telefonski broj Sadr\u017eaj poruke 2. Svrha obrade Podaci [&hellip;]<\/p>\n","protected":false},"author":1,"featured_media":0,"parent":0,"menu_order":0,"comment_status":"closed","ping_status":"closed","template":"elementor_theme","meta":{"footnotes":""},"class_list":["post-669","page","type-page","status-publish","hentry"],"yoast_head":"<!-- This site is optimized with the Yoast SEO plugin v26.8 - https:\/\/yoast.com\/product\/yoast-seo-wordpress\/ -->\n<title>Politika privatnosti - Zagreb In\u017eenjering<\/title>\n<meta name=\"robots\" content=\"index, follow, max-snippet:-1, max-image-preview:large, max-video-preview:-1\" \/>\n<link rel=\"canonical\" href=\"https:\/\/zagreb-inzenjering.hr\/index.php\/politika-privatnosti\/\" \/>\n<meta property=\"og:locale\" content=\"en_US\" \/>\n<meta property=\"og:type\" content=\"article\" \/>\n<meta property=\"og:title\" content=\"Politika privatnosti - Zagreb In\u017eenjering\" \/>\n<meta property=\"og:description\" content=\"Politika privatnosti Privacy policy (eng) Zagreb-In\u017eenjering d.o.o. po\u0161tuje va\u0161u privatnost i brine o za\u0161titi osobnih podataka koje nam dostavljate putem ove web stranice. 1. Vrsta podataka koje prikupljamo Prikupljamo samo one osobne podatke koje dobrovoljno dostavite putem kontakt obrasca, kao \u0161to su: Ime i prezime E-mail adresa Telefonski broj Sadr\u017eaj poruke 2. Svrha obrade Podaci [&hellip;]\" \/>\n<meta property=\"og:url\" content=\"https:\/\/zagreb-inzenjering.hr\/index.php\/politika-privatnosti\/\" \/>\n<meta property=\"og:site_name\" content=\"Zagreb In\u017eenjering\" \/>\n<meta property=\"article:modified_time\" content=\"2025-07-21T14:21:30+00:00\" \/>\n<meta property=\"og:image\" content=\"https:\/\/zagreb-inzenjering.hr\/wp-content\/uploads\/2025\/07\/ZagrebInzenjering_Logo_color_600px.png\" \/>\n\t<meta property=\"og:image:width\" content=\"600\" \/>\n\t<meta property=\"og:image:height\" content=\"236\" \/>\n\t<meta property=\"og:image:type\" content=\"image\/png\" \/>\n<meta name=\"twitter:card\" content=\"summary_large_image\" \/>\n<meta name=\"twitter:label1\" content=\"Est. reading time\" \/>\n\t<meta name=\"twitter:data1\" content=\"1 minute\" \/>\n<script type=\"application\/ld+json\" class=\"yoast-schema-graph\">{\"@context\":\"https:\/\/schema.org\",\"@graph\":[{\"@type\":\"WebPage\",\"@id\":\"https:\/\/zagreb-inzenjering.hr\/index.php\/politika-privatnosti\/\",\"url\":\"https:\/\/zagreb-inzenjering.hr\/index.php\/politika-privatnosti\/\",\"name\":\"Politika privatnosti - Zagreb In\u017eenjering\",\"isPartOf\":{\"@id\":\"https:\/\/zagreb-inzenjering.hr\/#website\"},\"datePublished\":\"2025-07-17T21:32:36+00:00\",\"dateModified\":\"2025-07-21T14:21:30+00:00\",\"breadcrumb\":{\"@id\":\"https:\/\/zagreb-inzenjering.hr\/index.php\/politika-privatnosti\/#breadcrumb\"},\"inLanguage\":\"en-US\",\"potentialAction\":[{\"@type\":\"ReadAction\",\"target\":[\"https:\/\/zagreb-inzenjering.hr\/index.php\/politika-privatnosti\/\"]}]},{\"@type\":\"BreadcrumbList\",\"@id\":\"https:\/\/zagreb-inzenjering.hr\/index.php\/politika-privatnosti\/#breadcrumb\",\"itemListElement\":[{\"@type\":\"ListItem\",\"position\":1,\"name\":\"Home\",\"item\":\"https:\/\/zagreb-inzenjering.hr\/\"},{\"@type\":\"ListItem\",\"position\":2,\"name\":\"Politika privatnosti\"}]},{\"@type\":\"WebSite\",\"@id\":\"https:\/\/zagreb-inzenjering.hr\/#website\",\"url\":\"https:\/\/zagreb-inzenjering.hr\/\",\"name\":\"Zagreb In\u017eenjering\",\"description\":\"Stru\u010dnost, partnerstvo i inovacije u slu\u017ebi graditeljstva\",\"publisher\":{\"@id\":\"https:\/\/zagreb-inzenjering.hr\/#organization\"},\"alternateName\":\"Zagreb In\u017eenjering d.o.o.\",\"potentialAction\":[{\"@type\":\"SearchAction\",\"target\":{\"@type\":\"EntryPoint\",\"urlTemplate\":\"https:\/\/zagreb-inzenjering.hr\/?s={search_term_string}\"},\"query-input\":{\"@type\":\"PropertyValueSpecification\",\"valueRequired\":true,\"valueName\":\"search_term_string\"}}],\"inLanguage\":\"en-US\"},{\"@type\":\"Organization\",\"@id\":\"https:\/\/zagreb-inzenjering.hr\/#organization\",\"name\":\"Zagreb In\u017eenjering\",\"url\":\"https:\/\/zagreb-inzenjering.hr\/\",\"logo\":{\"@type\":\"ImageObject\",\"inLanguage\":\"en-US\",\"@id\":\"https:\/\/zagreb-inzenjering.hr\/#\/schema\/logo\/image\/\",\"url\":\"https:\/\/zagreb-inzenjering.hr\/wp-content\/uploads\/2025\/07\/ZagrebInzenjering_Logo_white_600px.png\",\"contentUrl\":\"https:\/\/zagreb-inzenjering.hr\/wp-content\/uploads\/2025\/07\/ZagrebInzenjering_Logo_white_600px.png\",\"width\":600,\"height\":236,\"caption\":\"Zagreb In\u017eenjering\"},\"image\":{\"@id\":\"https:\/\/zagreb-inzenjering.hr\/#\/schema\/logo\/image\/\"}}]}<\/script>\n<!-- \/ Yoast SEO plugin. -->","yoast_head_json":{"title":"Politika privatnosti - Zagreb In\u017eenjering","robots":{"index":"index","follow":"follow","max-snippet":"max-snippet:-1","max-image-preview":"max-image-preview:large","max-video-preview":"max-video-preview:-1"},"canonical":"https:\/\/zagreb-inzenjering.hr\/index.php\/politika-privatnosti\/","og_locale":"en_US","og_type":"article","og_title":"Politika privatnosti - Zagreb In\u017eenjering","og_description":"Politika privatnosti Privacy policy (eng) Zagreb-In\u017eenjering d.o.o. po\u0161tuje va\u0161u privatnost i brine o za\u0161titi osobnih podataka koje nam dostavljate putem ove web stranice. 1. Vrsta podataka koje prikupljamo Prikupljamo samo one osobne podatke koje dobrovoljno dostavite putem kontakt obrasca, kao \u0161to su: Ime i prezime E-mail adresa Telefonski broj Sadr\u017eaj poruke 2. Svrha obrade Podaci [&hellip;]","og_url":"https:\/\/zagreb-inzenjering.hr\/index.php\/politika-privatnosti\/","og_site_name":"Zagreb In\u017eenjering","article_modified_time":"2025-07-21T14:21:30+00:00","og_image":[{"width":600,"height":236,"url":"https:\/\/zagreb-inzenjering.hr\/wp-content\/uploads\/2025\/07\/ZagrebInzenjering_Logo_color_600px.png","type":"image\/png"}],"twitter_card":"summary_large_image","twitter_misc":{"Est. reading time":"1 minute"},"schema":{"@context":"https:\/\/schema.org","@graph":[{"@type":"WebPage","@id":"https:\/\/zagreb-inzenjering.hr\/index.php\/politika-privatnosti\/","url":"https:\/\/zagreb-inzenjering.hr\/index.php\/politika-privatnosti\/","name":"Politika privatnosti - Zagreb In\u017eenjering","isPartOf":{"@id":"https:\/\/zagreb-inzenjering.hr\/#website"},"datePublished":"2025-07-17T21:32:36+00:00","dateModified":"2025-07-21T14:21:30+00:00","breadcrumb":{"@id":"https:\/\/zagreb-inzenjering.hr\/index.php\/politika-privatnosti\/#breadcrumb"},"inLanguage":"en-US","potentialAction":[{"@type":"ReadAction","target":["https:\/\/zagreb-inzenjering.hr\/index.php\/politika-privatnosti\/"]}]},{"@type":"BreadcrumbList","@id":"https:\/\/zagreb-inzenjering.hr\/index.php\/politika-privatnosti\/#breadcrumb","itemListElement":[{"@type":"ListItem","position":1,"name":"Home","item":"https:\/\/zagreb-inzenjering.hr\/"},{"@type":"ListItem","position":2,"name":"Politika privatnosti"}]},{"@type":"WebSite","@id":"https:\/\/zagreb-inzenjering.hr\/#website","url":"https:\/\/zagreb-inzenjering.hr\/","name":"Zagreb In\u017eenjering","description":"Stru\u010dnost, partnerstvo i inovacije u slu\u017ebi graditeljstva","publisher":{"@id":"https:\/\/zagreb-inzenjering.hr\/#organization"},"alternateName":"Zagreb In\u017eenjering d.o.o.","potentialAction":[{"@type":"SearchAction","target":{"@type":"EntryPoint","urlTemplate":"https:\/\/zagreb-inzenjering.hr\/?s={search_term_string}"},"query-input":{"@type":"PropertyValueSpecification","valueRequired":true,"valueName":"search_term_string"}}],"inLanguage":"en-US"},{"@type":"Organization","@id":"https:\/\/zagreb-inzenjering.hr\/#organization","name":"Zagreb In\u017eenjering","url":"https:\/\/zagreb-inzenjering.hr\/","logo":{"@type":"ImageObject","inLanguage":"en-US","@id":"https:\/\/zagreb-inzenjering.hr\/#\/schema\/logo\/image\/","url":"https:\/\/zagreb-inzenjering.hr\/wp-content\/uploads\/2025\/07\/ZagrebInzenjering_Logo_white_600px.png","contentUrl":"https:\/\/zagreb-inzenjering.hr\/wp-content\/uploads\/2025\/07\/ZagrebInzenjering_Logo_white_600px.png","width":600,"height":236,"caption":"Zagreb In\u017eenjering"},"image":{"@id":"https:\/\/zagreb-inzenjering.hr\/#\/schema\/logo\/image\/"}}]}},"_links":{"self":[{"href":"https:\/\/zagreb-inzenjering.hr\/index.php\/wp-json\/wp\/v2\/pages\/669","targetHints":{"allow":["GET"]}}],"collection":[{"href":"https:\/\/zagreb-inzenjering.hr\/index.php\/wp-json\/wp\/v2\/pages"}],"about":[{"href":"https:\/\/zagreb-inzenjering.hr\/index.php\/wp-json\/wp\/v2\/types\/page"}],"author":[{"embeddable":true,"href":"https:\/\/zagreb-inzenjering.hr\/index.php\/wp-json\/wp\/v2\/users\/1"}],"replies":[{"embeddable":true,"href":"https:\/\/zagreb-inzenjering.hr\/index.php\/wp-json\/wp\/v2\/comments?post=669"}],"version-history":[{"count":25,"href":"https:\/\/zagreb-inzenjering.hr\/index.php\/wp-json\/wp\/v2\/pages\/669\/revisions"}],"predecessor-version":[{"id":955,"href":"https:\/\/zagreb-inzenjering.hr\/index.php\/wp-json\/wp\/v2\/pages\/669\/revisions\/955"}],"wp:attachment":[{"href":"https:\/\/zagreb-inzenjering.hr\/index.php\/wp-json\/wp\/v2\/media?parent=669"}],"curies":[{"name":"wp","href":"https:\/\/api.w.org\/{rel}","templated":true}]}}