{"id":679,"date":"2025-07-17T21:32:42","date_gmt":"2025-07-17T21:32:42","guid":{"rendered":"https:\/\/zagreb-inzenjering.hr\/?page_id=679"},"modified":"2025-07-21T14:21:35","modified_gmt":"2025-07-21T14:21:35","slug":"privacy-policy","status":"publish","type":"page","link":"https:\/\/zagreb-inzenjering.hr\/index.php\/privacy-policy\/","title":{"rendered":"Privacy policy"},"content":{"rendered":"\t\t<div data-elementor-type=\"wp-page\" data-elementor-id=\"679\" class=\"elementor elementor-679\" data-elementor-post-type=\"page\">\n\t\t\t\t<div class=\"elementor-element elementor-element-2505c8f e-flex e-con-boxed e-con e-parent\" data-id=\"2505c8f\" data-element_type=\"container\">\n\t\t\t\t\t<div class=\"e-con-inner\">\n\t\t<div class=\"elementor-element elementor-element-dce767e e-con-full e-flex e-con e-child\" data-id=\"dce767e\" data-element_type=\"container\">\n\t\t\t\t<div class=\"elementor-element elementor-element-5c034a4 elementor-widget elementor-widget-heading\" data-id=\"5c034a4\" data-element_type=\"widget\" data-widget_type=\"heading.default\">\n\t\t\t\t\t<h1 class=\"elementor-heading-title elementor-size-default\">Privacy policy<\/h1>\t\t\t\t<\/div>\n\t\t\t\t<div class=\"elementor-element elementor-element-24fd301 elementor-align-left elementor-tablet-align-center elementor-widget elementor-widget-button\" data-id=\"24fd301\" data-element_type=\"widget\" data-widget_type=\"button.default\">\n\t\t\t\t\t\t\t\t\t\t<a class=\"elementor-button elementor-button-link elementor-size-sm\" href=\"https:\/\/zagreb-inzenjering.hr\/index.php\/politika-privatnosti\/\">\n\t\t\t\t\t\t<span class=\"elementor-button-content-wrapper\">\n\t\t\t\t\t\t\t\t\t<span class=\"elementor-button-text\">Politika privatnosti (HR)<\/span>\n\t\t\t\t\t<\/span>\n\t\t\t\t\t<\/a>\n\t\t\t\t\t\t\t\t<\/div>\n\t\t\t\t<div class=\"elementor-element elementor-element-8281fff elementor-widget__width-initial elementor-widget elementor-widget-text-editor\" data-id=\"8281fff\" data-element_type=\"widget\" data-widget_type=\"text-editor.default\">\n\t\t\t\t\t\t\t\t\t<p>Zagreb-In\u017eenjering d.o.o. respects your privacy and is committed to protecting any personal data you provide through this website.<\/p><h2>1. Types of data collected<\/h2><p>We only collect data voluntarily submitted via the contact form:<\/p><ul><li>Full name<\/li><li>Email address<\/li><li>Phone number<\/li><li>Message content<\/li><\/ul><h2>2. Purpose of processing<\/h2><p>The data is used solely for:<\/p><ul><li>responding to your inquiry<\/li><li>providing requested information<\/li><li>establishing business communication<\/li><\/ul><h2>3. Cookies<\/h2><p>This website uses only essential technical cookies required for basic functionality.<br \/>We do not use third-party cookies (e.g. Google Analytics, remarketing or user behavior tracking).<\/p><h2>4. Data sharing<\/h2><p>Your data will not be shared with third parties unless required by law or necessary for fulfilling your request.<\/p><h2>5. User rights<\/h2><p>Under the GDPR, you have the right to:<\/p><ul><li>access your data<\/li><li>correct inaccuracies<\/li><li>request data deletion<\/li><li>object to data processing<\/li><\/ul><p>You can exercise these rights by contacting us at <a href=\"mailto:zagreb.inzenjering@zg.t-com.hr\">zagreb.inzenjering@zg.t-com.hr<\/a>.<\/p><h2>6. Contact for data protection<\/h2><p>ZAGREB-IN\u017dENJERING d.o.o.<br \/>Krapanjska 12, 10000 Zagreb, Croatia<br \/>Email: <a href=\"mailto:zagreb.inzenjering@zg.t-com.hr\">zagreb.inzenjering@zg.t-com.hr<\/a><br \/>Phone: +385 1 3692 069<\/p>\t\t\t\t\t\t\t\t<\/div>\n\t\t\t\t<\/div>\n\t\t\t\t\t<\/div>\n\t\t\t\t<\/div>\n\t\t\t\t<\/div>\n\t\t","protected":false},"excerpt":{"rendered":"<p>Privacy policy Politika privatnosti (HR) Zagreb-In\u017eenjering d.o.o. respects your privacy and is committed to protecting any personal data you provide through this website. 1. Types of data collected We only collect data voluntarily submitted via the contact form: Full name Email address Phone number Message content 2. Purpose of processing The data is used solely [&hellip;]<\/p>\n","protected":false},"author":1,"featured_media":0,"parent":0,"menu_order":0,"comment_status":"closed","ping_status":"closed","template":"elementor_theme","meta":{"footnotes":""},"class_list":["post-679","page","type-page","status-publish","hentry"],"yoast_head":"<!-- This site is optimized with the Yoast SEO plugin v26.8 - https:\/\/yoast.com\/product\/yoast-seo-wordpress\/ -->\n<title>Privacy policy - Zagreb In\u017eenjering<\/title>\n<meta name=\"robots\" content=\"index, follow, max-snippet:-1, max-image-preview:large, max-video-preview:-1\" \/>\n<link rel=\"canonical\" href=\"https:\/\/zagreb-inzenjering.hr\/index.php\/privacy-policy\/\" \/>\n<meta property=\"og:locale\" content=\"en_US\" \/>\n<meta property=\"og:type\" content=\"article\" \/>\n<meta property=\"og:title\" content=\"Privacy policy - Zagreb In\u017eenjering\" \/>\n<meta property=\"og:description\" content=\"Privacy policy Politika privatnosti (HR) Zagreb-In\u017eenjering d.o.o. respects your privacy and is committed to protecting any personal data you provide through this website. 1. Types of data collected We only collect data voluntarily submitted via the contact form: Full name Email address Phone number Message content 2. Purpose of processing The data is used solely [&hellip;]\" \/>\n<meta property=\"og:url\" content=\"https:\/\/zagreb-inzenjering.hr\/index.php\/privacy-policy\/\" \/>\n<meta property=\"og:site_name\" content=\"Zagreb In\u017eenjering\" \/>\n<meta property=\"article:modified_time\" content=\"2025-07-21T14:21:35+00:00\" \/>\n<meta property=\"og:image\" content=\"https:\/\/zagreb-inzenjering.hr\/wp-content\/uploads\/2025\/07\/ZagrebInzenjering_Logo_color_600px.png\" \/>\n\t<meta property=\"og:image:width\" content=\"600\" \/>\n\t<meta property=\"og:image:height\" content=\"236\" \/>\n\t<meta property=\"og:image:type\" content=\"image\/png\" \/>\n<meta name=\"twitter:card\" content=\"summary_large_image\" \/>\n<meta name=\"twitter:label1\" content=\"Est. reading time\" \/>\n\t<meta name=\"twitter:data1\" content=\"1 minute\" \/>\n<script type=\"application\/ld+json\" class=\"yoast-schema-graph\">{\"@context\":\"https:\/\/schema.org\",\"@graph\":[{\"@type\":\"WebPage\",\"@id\":\"https:\/\/zagreb-inzenjering.hr\/index.php\/privacy-policy\/\",\"url\":\"https:\/\/zagreb-inzenjering.hr\/index.php\/privacy-policy\/\",\"name\":\"Privacy policy - Zagreb In\u017eenjering\",\"isPartOf\":{\"@id\":\"https:\/\/zagreb-inzenjering.hr\/#website\"},\"datePublished\":\"2025-07-17T21:32:42+00:00\",\"dateModified\":\"2025-07-21T14:21:35+00:00\",\"breadcrumb\":{\"@id\":\"https:\/\/zagreb-inzenjering.hr\/index.php\/privacy-policy\/#breadcrumb\"},\"inLanguage\":\"en-US\",\"potentialAction\":[{\"@type\":\"ReadAction\",\"target\":[\"https:\/\/zagreb-inzenjering.hr\/index.php\/privacy-policy\/\"]}]},{\"@type\":\"BreadcrumbList\",\"@id\":\"https:\/\/zagreb-inzenjering.hr\/index.php\/privacy-policy\/#breadcrumb\",\"itemListElement\":[{\"@type\":\"ListItem\",\"position\":1,\"name\":\"Home\",\"item\":\"https:\/\/zagreb-inzenjering.hr\/\"},{\"@type\":\"ListItem\",\"position\":2,\"name\":\"Privacy policy\"}]},{\"@type\":\"WebSite\",\"@id\":\"https:\/\/zagreb-inzenjering.hr\/#website\",\"url\":\"https:\/\/zagreb-inzenjering.hr\/\",\"name\":\"Zagreb In\u017eenjering\",\"description\":\"Stru\u010dnost, partnerstvo i inovacije u slu\u017ebi graditeljstva\",\"publisher\":{\"@id\":\"https:\/\/zagreb-inzenjering.hr\/#organization\"},\"alternateName\":\"Zagreb In\u017eenjering d.o.o.\",\"potentialAction\":[{\"@type\":\"SearchAction\",\"target\":{\"@type\":\"EntryPoint\",\"urlTemplate\":\"https:\/\/zagreb-inzenjering.hr\/?s={search_term_string}\"},\"query-input\":{\"@type\":\"PropertyValueSpecification\",\"valueRequired\":true,\"valueName\":\"search_term_string\"}}],\"inLanguage\":\"en-US\"},{\"@type\":\"Organization\",\"@id\":\"https:\/\/zagreb-inzenjering.hr\/#organization\",\"name\":\"Zagreb In\u017eenjering\",\"url\":\"https:\/\/zagreb-inzenjering.hr\/\",\"logo\":{\"@type\":\"ImageObject\",\"inLanguage\":\"en-US\",\"@id\":\"https:\/\/zagreb-inzenjering.hr\/#\/schema\/logo\/image\/\",\"url\":\"https:\/\/zagreb-inzenjering.hr\/wp-content\/uploads\/2025\/07\/ZagrebInzenjering_Logo_white_600px.png\",\"contentUrl\":\"https:\/\/zagreb-inzenjering.hr\/wp-content\/uploads\/2025\/07\/ZagrebInzenjering_Logo_white_600px.png\",\"width\":600,\"height\":236,\"caption\":\"Zagreb In\u017eenjering\"},\"image\":{\"@id\":\"https:\/\/zagreb-inzenjering.hr\/#\/schema\/logo\/image\/\"}}]}<\/script>\n<!-- \/ Yoast SEO plugin. -->","yoast_head_json":{"title":"Privacy policy - Zagreb In\u017eenjering","robots":{"index":"index","follow":"follow","max-snippet":"max-snippet:-1","max-image-preview":"max-image-preview:large","max-video-preview":"max-video-preview:-1"},"canonical":"https:\/\/zagreb-inzenjering.hr\/index.php\/privacy-policy\/","og_locale":"en_US","og_type":"article","og_title":"Privacy policy - Zagreb In\u017eenjering","og_description":"Privacy policy Politika privatnosti (HR) Zagreb-In\u017eenjering d.o.o. respects your privacy and is committed to protecting any personal data you provide through this website. 1. Types of data collected We only collect data voluntarily submitted via the contact form: Full name Email address Phone number Message content 2. Purpose of processing The data is used solely [&hellip;]","og_url":"https:\/\/zagreb-inzenjering.hr\/index.php\/privacy-policy\/","og_site_name":"Zagreb In\u017eenjering","article_modified_time":"2025-07-21T14:21:35+00:00","og_image":[{"width":600,"height":236,"url":"https:\/\/zagreb-inzenjering.hr\/wp-content\/uploads\/2025\/07\/ZagrebInzenjering_Logo_color_600px.png","type":"image\/png"}],"twitter_card":"summary_large_image","twitter_misc":{"Est. reading time":"1 minute"},"schema":{"@context":"https:\/\/schema.org","@graph":[{"@type":"WebPage","@id":"https:\/\/zagreb-inzenjering.hr\/index.php\/privacy-policy\/","url":"https:\/\/zagreb-inzenjering.hr\/index.php\/privacy-policy\/","name":"Privacy policy - Zagreb In\u017eenjering","isPartOf":{"@id":"https:\/\/zagreb-inzenjering.hr\/#website"},"datePublished":"2025-07-17T21:32:42+00:00","dateModified":"2025-07-21T14:21:35+00:00","breadcrumb":{"@id":"https:\/\/zagreb-inzenjering.hr\/index.php\/privacy-policy\/#breadcrumb"},"inLanguage":"en-US","potentialAction":[{"@type":"ReadAction","target":["https:\/\/zagreb-inzenjering.hr\/index.php\/privacy-policy\/"]}]},{"@type":"BreadcrumbList","@id":"https:\/\/zagreb-inzenjering.hr\/index.php\/privacy-policy\/#breadcrumb","itemListElement":[{"@type":"ListItem","position":1,"name":"Home","item":"https:\/\/zagreb-inzenjering.hr\/"},{"@type":"ListItem","position":2,"name":"Privacy policy"}]},{"@type":"WebSite","@id":"https:\/\/zagreb-inzenjering.hr\/#website","url":"https:\/\/zagreb-inzenjering.hr\/","name":"Zagreb In\u017eenjering","description":"Stru\u010dnost, partnerstvo i inovacije u slu\u017ebi graditeljstva","publisher":{"@id":"https:\/\/zagreb-inzenjering.hr\/#organization"},"alternateName":"Zagreb In\u017eenjering d.o.o.","potentialAction":[{"@type":"SearchAction","target":{"@type":"EntryPoint","urlTemplate":"https:\/\/zagreb-inzenjering.hr\/?s={search_term_string}"},"query-input":{"@type":"PropertyValueSpecification","valueRequired":true,"valueName":"search_term_string"}}],"inLanguage":"en-US"},{"@type":"Organization","@id":"https:\/\/zagreb-inzenjering.hr\/#organization","name":"Zagreb In\u017eenjering","url":"https:\/\/zagreb-inzenjering.hr\/","logo":{"@type":"ImageObject","inLanguage":"en-US","@id":"https:\/\/zagreb-inzenjering.hr\/#\/schema\/logo\/image\/","url":"https:\/\/zagreb-inzenjering.hr\/wp-content\/uploads\/2025\/07\/ZagrebInzenjering_Logo_white_600px.png","contentUrl":"https:\/\/zagreb-inzenjering.hr\/wp-content\/uploads\/2025\/07\/ZagrebInzenjering_Logo_white_600px.png","width":600,"height":236,"caption":"Zagreb In\u017eenjering"},"image":{"@id":"https:\/\/zagreb-inzenjering.hr\/#\/schema\/logo\/image\/"}}]}},"_links":{"self":[{"href":"https:\/\/zagreb-inzenjering.hr\/index.php\/wp-json\/wp\/v2\/pages\/679","targetHints":{"allow":["GET"]}}],"collection":[{"href":"https:\/\/zagreb-inzenjering.hr\/index.php\/wp-json\/wp\/v2\/pages"}],"about":[{"href":"https:\/\/zagreb-inzenjering.hr\/index.php\/wp-json\/wp\/v2\/types\/page"}],"author":[{"embeddable":true,"href":"https:\/\/zagreb-inzenjering.hr\/index.php\/wp-json\/wp\/v2\/users\/1"}],"replies":[{"embeddable":true,"href":"https:\/\/zagreb-inzenjering.hr\/index.php\/wp-json\/wp\/v2\/comments?post=679"}],"version-history":[{"count":19,"href":"https:\/\/zagreb-inzenjering.hr\/index.php\/wp-json\/wp\/v2\/pages\/679\/revisions"}],"predecessor-version":[{"id":958,"href":"https:\/\/zagreb-inzenjering.hr\/index.php\/wp-json\/wp\/v2\/pages\/679\/revisions\/958"}],"wp:attachment":[{"href":"https:\/\/zagreb-inzenjering.hr\/index.php\/wp-json\/wp\/v2\/media?parent=679"}],"curies":[{"name":"wp","href":"https:\/\/api.w.org\/{rel}","templated":true}]}}